{"id":2142,"date":"2022-02-22T16:58:29","date_gmt":"2022-02-22T15:58:29","guid":{"rendered":"https:\/\/projekte.kayba.de\/adm\/website\/impressum\/"},"modified":"2023-03-08T10:10:49","modified_gmt":"2023-03-08T09:10:49","slug":"imprint","status":"publish","type":"page","link":"https:\/\/www.ad-modum.com\/en\/imprint\/","title":{"rendered":"Imprint"},"content":{"rendered":"\n<p><strong>ad modum GmbH | Agentur f\u00fcr Kommunikation<\/strong><br>Gesch\u00e4ftsf\u00fchrer: J\u00f6rg Ganal<\/p>\n\n\n\n<p><strong>Adresse<\/strong><br>Karl-Marx-Stra\u00dfe 73<br>14482 Potsdam-Babelsberg<\/p>\n\n\n\n<p><strong>Kontakt<\/strong><br>Telefon +49 (0)30 440 40 100<br>Fax +49 (0)30 440 40 111<br><a href=\"mailto:mail%40ad-modum.com\">mail@ad-modum.com<\/a><\/p>\n\n\n\n<p><strong>Handelsregister<\/strong><br>Amtsgericht Potsdam | HRB 24164 P<\/p>\n\n\n\n<p><strong>Umsatzsteuer-Identifikationsnummer<\/strong><br>DE249354350<\/p>\n\n\n\n<p><strong>Zust\u00e4ndige Aufsichtsbeh\u00f6rde<\/strong><br>IHK Potsdam<br>Breite Stra\u00dfe 2 a-c<br>14467 Potsdam<\/p>\n","protected":false},"excerpt":{"rendered":"<p>ad modum GmbH | Agentur f\u00fcr KommunikationGesch\u00e4ftsf\u00fchrer: J\u00f6rg Ganal AdresseKarl-Marx-Stra\u00dfe 7314482 Potsdam-Babelsberg KontaktTelefon +49 (0)30 440 40 100Fax +49 (0)30 440 40 111mail@ad-modum.com HandelsregisterAmtsgericht Potsdam | HRB 24164 P Umsatzsteuer-IdentifikationsnummerDE249354350 Zust\u00e4ndige Aufsichtsbeh\u00f6rdeIHK PotsdamBreite Stra\u00dfe 2 a-c14467 Potsdam [&#8230;]<\/p>\n<p><a class=\"btn btn-secondary understrap-read-more-link\" href=\"https:\/\/www.ad-modum.com\/en\/imprint\/\">Read More&#8230;<\/a><\/p>\n","protected":false},"author":1,"featured_media":0,"parent":0,"menu_order":0,"comment_status":"closed","ping_status":"closed","template":"","meta":{"footnotes":""},"class_list":["post-2142","page","type-page","status-publish","hentry"],"acf":[],"_links":{"self":[{"href":"https:\/\/www.ad-modum.com\/en\/wp-json\/wp\/v2\/pages\/2142","targetHints":{"allow":["GET"]}}],"collection":[{"href":"https:\/\/www.ad-modum.com\/en\/wp-json\/wp\/v2\/pages"}],"about":[{"href":"https:\/\/www.ad-modum.com\/en\/wp-json\/wp\/v2\/types\/page"}],"author":[{"embeddable":true,"href":"https:\/\/www.ad-modum.com\/en\/wp-json\/wp\/v2\/users\/1"}],"replies":[{"embeddable":true,"href":"https:\/\/www.ad-modum.com\/en\/wp-json\/wp\/v2\/comments?post=2142"}],"version-history":[{"count":1,"href":"https:\/\/www.ad-modum.com\/en\/wp-json\/wp\/v2\/pages\/2142\/revisions"}],"predecessor-version":[{"id":2143,"href":"https:\/\/www.ad-modum.com\/en\/wp-json\/wp\/v2\/pages\/2142\/revisions\/2143"}],"wp:attachment":[{"href":"https:\/\/www.ad-modum.com\/en\/wp-json\/wp\/v2\/media?parent=2142"}],"curies":[{"name":"wp","href":"https:\/\/api.w.org\/{rel}","templated":true}]}}